{"id":50,"date":"2011-01-02T18:22:55","date_gmt":"2011-01-02T17:22:55","guid":{"rendered":"http:\/\/enderl.de\/fotoblog\/?page_id=50"},"modified":"2026-01-17T17:38:55","modified_gmt":"2026-01-17T16:38:55","slug":"uber","status":"publish","type":"page","link":"https:\/\/www.enderl.de\/macrofoto\/uber\/","title":{"rendered":"\u00dcber\/About"},"content":{"rendered":"<div class=\"style-261 style-local-50-c1 position-relative\" data-colibri-id=\"50-c1\">\n<div id=\"initial-content\" class=\"h-section h-section-global-spacing d-flex align-items-lg-center align-items-md-center align-items-center style-262 style-local-50-c2 position-relative\" data-colibri-component=\"section\" data-colibri-id=\"50-c2\">\n<div class=\"h-section-grid-container h-section-boxed-container\">\n<div class=\"h-row-container gutters-row-lg-2 gutters-row-md-2 gutters-row-0 gutters-row-v-lg-2 gutters-row-v-md-2 gutters-row-v-2 style-263 style-local-50-c3 position-relative\" data-colibri-id=\"50-c3\">\n<div class=\"h-row justify-content-lg-center justify-content-md-center justify-content-center align-items-lg-stretch align-items-md-stretch align-items-stretch gutters-col-lg-2 gutters-col-md-2 gutters-col-0 gutters-col-v-lg-2 gutters-col-v-md-2 gutters-col-v-2\">\n<div class=\"h-column h-column-container d-flex h-col-lg-auto h-col-md-auto h-col-auto style-264-outer style-local-50-c4-outer\">\n<div class=\"d-flex h-flex-basis h-column__inner h-px-lg-2 h-px-md-2 h-px-2 v-inner-lg-2 v-inner-md-2 v-inner-2 style-264 style-local-50-c4 position-relative\" data-colibri-id=\"50-c4\">\n<div class=\"w-100 h-y-container h-column__content h-column__v-align flex-basis-100 align-self-lg-center align-self-md-center align-self-center\">\n<div class=\"style-265 style-local-50-c5 position-relative h-element\" data-colibri-id=\"50-c5\">\n<div>\n<div><span style=\"font-family: trebuchet ms,helvetica,sans-serif;\"><span style=\"font-size: 16px;\"><em>Den Augenblick ergreifen, so lautet der <a title=\"Den Augenblick ergreifen\" href=\"https:\/\/www.enderl.de\/macrofoto\/\" target=\"_blank\" rel=\"noopener\">Titel dieser Seite<\/a>. Ich glaube, dass er gut gew\u00e4hlt ist, da ich versuche mit Hilfe der Fotografie Momente, Augenblicke festzuhalten, diese sichtbar zu machen und dabei eine tiefe Befriedigung zu sp\u00fcren. Ich bin ein ambitionierter Naturfotograf. Alle Dinge in dieser belebten Welt finden mein Interesse. Vom Makro bis zur Milchstra\u00dfe reichen meine Fotografien. Aber Menschen, Architektur und Street vermag ich nicht im Bild festzuhalten.<\/em><\/span><\/span><\/div>\n<div><span style=\"font-family: trebuchet ms,helvetica,sans-serif;\"><span style=\"font-size: 16px;\"><em> Ich lebe in der N\u00e4he von Freiburg im Breisgau und der Schwarzwald und die Rheinebene mit den vorgelagerten Bergen sind mein &#8222;Jagdrevier&#8220;. Auf Reisen gehe ich gerne und bringe daher viele Augenblicke mit nach Hause. Auf dieser Webseite werden zuerst die letzten 100 Aufnahmen gezeigt. Wer m\u00f6chte, kann sich auch im <a title=\"Year 2024\" href=\"https:\/\/www.enderl.de\/macrofoto\/gmedia-gallery\/2024-2\/\" target=\"_blank\" rel=\"noopener\">Portfolio<\/a> umsehen. Dort sind, nach Jahren geordnet, alle Fotografien der letzten f\u00fcnf Jahre zu finden. Mancher w\u00fcrde sich eine thematische Auflistung w\u00fcnschen, aber ich habe noch keine befriedigende L\u00f6sung daf\u00fcr gefunden. Meine private <a href=\"https:\/\/app.weathercloud.net\/d1040102387#current\" target=\"_blank\" rel=\"noopener\">Wetterstation<\/a> liefert Wetterdaten und den Verlauf des Wettergeschehens im S\u00fcdwesten von Deutschland. Auffindbar auch auf Instagramm: <a href=\"https:\/\/www.instagram.com\/enderl.de\/\">https:\/\/www.instagram.com\/enderl.de\/<\/a><\/em><\/span><\/span><\/div>\n<div><span style=\"font-family: trebuchet ms,helvetica,sans-serif;\"><span style=\"font-size: 16px;\"><em>Ich ver\u00f6ffentliche zudem schon lange auch auf 500px: <a title=\"500px\" href=\"https:\/\/500px.com\/p\/attental?view=photos\" target=\"_blank\" rel=\"noopener\">https:\/\/500px.com\/p\/attental?view=photos<\/a><\/em><\/span><\/span><\/div>\n<\/div>\n<div><\/div>\n<div>\n<div><\/div>\n<div><\/div>\n<div><\/div>\n<div><span style=\"font-family: trebuchet ms,helvetica,sans-serif;\"><span style=\"font-size: 16px;\"><em>Alle meine Bilder sind urheberrechtlich gesch\u00fctzt. Bei Interesse kann man sich via <a title=\"Kontaktformular\" href=\"https:\/\/www.enderl.de\/macrofoto\/kontakt\/\" target=\"_blank\" rel=\"noopener\">Kontaktformular<\/a> bei mir melden.<br \/>\n<\/em><\/span><\/span><\/div>\n<div><\/div>\n<\/div>\n<div><\/div>\n<div>\n<div>\n<p><img loading=\"lazy\" decoding=\"async\" class=\" wp-image-4533 aligncenter\" src=\"https:\/\/www.enderl.de\/macrofoto\/wp-content\/uploads\/2022\/09\/Fotograf-225x300.jpg\" alt=\"Han\" width=\"265\" height=\"353\" srcset=\"https:\/\/www.enderl.de\/macrofoto\/wp-content\/uploads\/2022\/09\/Fotograf-225x300.jpg 225w, https:\/\/www.enderl.de\/macrofoto\/wp-content\/uploads\/2022\/09\/Fotograf-768x1024.jpg 768w, https:\/\/www.enderl.de\/macrofoto\/wp-content\/uploads\/2022\/09\/Fotograf-1152x1536.jpg 1152w, https:\/\/www.enderl.de\/macrofoto\/wp-content\/uploads\/2022\/09\/Fotograf.jpg 1175w\" sizes=\"auto, (max-width: 265px) 100vw, 265px\" \/><\/p>\n<\/div>\n<div><\/div>\n<div><span style=\"font-family: trebuchet ms,helvetica,sans-serif;\"><span style=\"font-size: 16px;\"><em>Erfreuen Sie sich an den Bildern aus der Natur!<\/em><\/span><\/span><\/div>\n<div><\/div>\n<div><\/div>\n<div><span style=\"font-family: trebuchet ms,helvetica,sans-serif;\"><span style=\"font-size: 16px;\"><em>Emmendingen, Februar 2025<\/em><\/span><\/span><\/div>\n<div><\/div>\n<div><span style=\"font-family: trebuchet ms,helvetica,sans-serif;\"><span style=\"font-size: 16px;\"><em>Hans Enderl<\/em><\/span><\/span><\/div>\n<div><\/div>\n<div><\/div>\n<div><\/div>\n<div><\/div>\n<div><\/div>\n<div><\/div>\n<div><\/div>\n<\/div>\n<\/div>\n<\/div>\n<\/div>\n<\/div>\n<\/div>\n<\/div>\n<\/div>\n<\/div>\n<\/div>\n","protected":false},"excerpt":{"rendered":"<p>Den Augenblick ergreifen, so lautet der Titel dieser Seite. Ich glaube, dass er gut gew\u00e4hlt ist, da ich versuche mit Hilfe der Fotografie Momente, Augenblicke festzuhalten, diese sichtbar zu machen und dabei eine tiefe Befriedigung zu sp\u00fcren. Ich bin ein ambitionierter Naturfotograf. Alle Dinge in dieser belebten Welt finden mein Interesse. Vom Makro bis zur&#46;&#46;&#46;<\/p>\n","protected":false},"author":1,"featured_media":264,"parent":0,"menu_order":7,"comment_status":"closed","ping_status":"closed","template":"","meta":{"_monsterinsights_skip_tracking":false,"_monsterinsights_sitenote_active":false,"_monsterinsights_sitenote_note":"","_monsterinsights_sitenote_category":0,"footnotes":"","_links_to":"","_links_to_target":""},"class_list":["post-50","page","type-page","status-publish","has-post-thumbnail","hentry"],"aioseo_notices":[],"_links":{"self":[{"href":"https:\/\/www.enderl.de\/macrofoto\/wp-json\/wp\/v2\/pages\/50","targetHints":{"allow":["GET"]}}],"collection":[{"href":"https:\/\/www.enderl.de\/macrofoto\/wp-json\/wp\/v2\/pages"}],"about":[{"href":"https:\/\/www.enderl.de\/macrofoto\/wp-json\/wp\/v2\/types\/page"}],"author":[{"embeddable":true,"href":"https:\/\/www.enderl.de\/macrofoto\/wp-json\/wp\/v2\/users\/1"}],"replies":[{"embeddable":true,"href":"https:\/\/www.enderl.de\/macrofoto\/wp-json\/wp\/v2\/comments?post=50"}],"version-history":[{"count":25,"href":"https:\/\/www.enderl.de\/macrofoto\/wp-json\/wp\/v2\/pages\/50\/revisions"}],"predecessor-version":[{"id":7072,"href":"https:\/\/www.enderl.de\/macrofoto\/wp-json\/wp\/v2\/pages\/50\/revisions\/7072"}],"wp:featuredmedia":[{"embeddable":true,"href":"https:\/\/www.enderl.de\/macrofoto\/wp-json\/wp\/v2\/media\/264"}],"wp:attachment":[{"href":"https:\/\/www.enderl.de\/macrofoto\/wp-json\/wp\/v2\/media?parent=50"}],"curies":[{"name":"wp","href":"https:\/\/api.w.org\/{rel}","templated":true}]}}